{"id":2599,"date":"2019-01-11T03:40:47","date_gmt":"2019-01-11T03:40:47","guid":{"rendered":"http:\/\/diescoin.net\/?page_id=2599"},"modified":"2020-08-11T01:05:18","modified_gmt":"2020-08-11T01:05:18","slug":"privacy-policy-2","status":"publish","type":"page","link":"https:\/\/diescoin.net\/?page_id=2599","title":{"rendered":"G\u00e9oCyber"},"content":{"rendered":"\r\n\r\n\r\n\r\n\r\n\r\n\r\n<h3>G\u00e9ographie Cybern\u00e9tique<\/h3>\r\n\r\n\r\n\r\n<p>l\u00e0 o\u00f9 la notion des fronti\u00e8res tombe<\/p>\r\n\r\n\r\n\r\n<h3>\u00a0<\/h3>\r\n","protected":false},"excerpt":{"rendered":"<p>G\u00e9ographie Cybern\u00e9tique l\u00e0 o\u00f9 la notion des fronti\u00e8res tombe \u00a0<\/p>\n","protected":false},"author":7,"featured_media":0,"parent":0,"menu_order":0,"comment_status":"closed","ping_status":"open","template":"","meta":[],"_links":{"self":[{"href":"https:\/\/diescoin.net\/index.php?rest_route=\/wp\/v2\/pages\/2599"}],"collection":[{"href":"https:\/\/diescoin.net\/index.php?rest_route=\/wp\/v2\/pages"}],"about":[{"href":"https:\/\/diescoin.net\/index.php?rest_route=\/wp\/v2\/types\/page"}],"author":[{"embeddable":true,"href":"https:\/\/diescoin.net\/index.php?rest_route=\/wp\/v2\/users\/7"}],"replies":[{"embeddable":true,"href":"https:\/\/diescoin.net\/index.php?rest_route=%2Fwp%2Fv2%2Fcomments&post=2599"}],"version-history":[{"count":2,"href":"https:\/\/diescoin.net\/index.php?rest_route=\/wp\/v2\/pages\/2599\/revisions"}],"predecessor-version":[{"id":2850,"href":"https:\/\/diescoin.net\/index.php?rest_route=\/wp\/v2\/pages\/2599\/revisions\/2850"}],"wp:attachment":[{"href":"https:\/\/diescoin.net\/index.php?rest_route=%2Fwp%2Fv2%2Fmedia&parent=2599"}],"curies":[{"name":"wp","href":"https:\/\/api.w.org\/{rel}","templated":true}]}}