{"id":2600,"date":"2018-03-26T21:12:07","date_gmt":"2018-03-26T21:12:07","guid":{"rendered":"http:\/\/diescoin.net\/?page_id=2600"},"modified":"2020-08-10T21:05:24","modified_gmt":"2020-08-10T21:05:24","slug":"dies","status":"publish","type":"page","link":"https:\/\/diescoin.net\/?page_id=2600","title":{"rendered":"Dies"},"content":{"rendered":"\r\n<p>Le <em>dies<\/em> est une de nos matrices de la Constellation GDMA op\u00e9r\u00e9e par Syst\u00e8me-dedieu, elle provient de la chronique personnelle de Dan Albertini\/ Daniel Milord Albertini, laquelle abr\u00e9viation signifie Diplomatie Internationale et Soci\u00e9t\u00e9.<\/p>\r\n\r\n\r\n\r\n<p>Le <em>dies<\/em> matriciel renferme toutes les notions de die en latin, diez en num\u00e9rologie, en espagnol, de la matrice en anglais die&#8230;, etc.<\/p>\r\n\r\n\r\n\r\n<p>Cette matrice de la constellation GDMA est en parall\u00e8le avec la slrdc, et geocyber, en g\u00e9ographie cybern\u00e9tique. Le <em>dies<\/em> est donc par cons\u00e9quent la m\u00e8re du <em>diescoin<\/em> qui est une monnaie virtuelle <em>intramonnaie<\/em>, dans notre constellation.<\/p>\r\n\r\n\r\n\r\n<p>Notre garantie est notre encodage unique dans le langage ayisyen coordonn\u00e9 par le G cr\u00e9ole.<\/p>\r\n\r\n\r\n\r\n\r\n\r\n<p>Nous h\u00e9bergeons dans notre constellation tout partenaire, soit individuel, corporatif ou \u00e9tatique, en partageant leurs int\u00e9r\u00eats et en les accompagnant par nos outils de commut\u00e9, dans leurs besoins sp\u00e9cifique. Nous livrons sans biais par le principe de la d\u00e9mocratisation du journalisme soit une pratique allant de 1% \u00e0 99%.<\/p>\r\n","protected":false},"excerpt":{"rendered":"<p>Le dies est une de nos matrices de la Constellation GDMA op\u00e9r\u00e9e par Syst\u00e8me-dedieu, elle provient de la chronique personnelle de Dan Albertini\/ Daniel Milord Albertini, laquelle abr\u00e9viation signifie Diplomatie Internationale et Soci\u00e9t\u00e9. Le dies matriciel renferme toutes les notions de die en latin, diez en num\u00e9rologie, en espagnol, de la matrice en anglais die&#8230;,<br \/><a class=\"moretag\" href=\"https:\/\/diescoin.net\/?page_id=2600\">+ Read More<\/a><\/p>\n","protected":false},"author":5,"featured_media":89,"parent":94,"menu_order":0,"comment_status":"closed","ping_status":"closed","template":"","meta":[],"_links":{"self":[{"href":"https:\/\/diescoin.net\/index.php?rest_route=\/wp\/v2\/pages\/2600"}],"collection":[{"href":"https:\/\/diescoin.net\/index.php?rest_route=\/wp\/v2\/pages"}],"about":[{"href":"https:\/\/diescoin.net\/index.php?rest_route=\/wp\/v2\/types\/page"}],"author":[{"embeddable":true,"href":"https:\/\/diescoin.net\/index.php?rest_route=\/wp\/v2\/users\/5"}],"replies":[{"embeddable":true,"href":"https:\/\/diescoin.net\/index.php?rest_route=%2Fwp%2Fv2%2Fcomments&post=2600"}],"version-history":[{"count":1,"href":"https:\/\/diescoin.net\/index.php?rest_route=\/wp\/v2\/pages\/2600\/revisions"}],"predecessor-version":[{"id":2609,"href":"https:\/\/diescoin.net\/index.php?rest_route=\/wp\/v2\/pages\/2600\/revisions\/2609"}],"up":[{"embeddable":true,"href":"https:\/\/diescoin.net\/index.php?rest_route=\/wp\/v2\/pages\/94"}],"wp:featuredmedia":[{"embeddable":true,"href":"https:\/\/diescoin.net\/index.php?rest_route=\/wp\/v2\/media\/89"}],"wp:attachment":[{"href":"https:\/\/diescoin.net\/index.php?rest_route=%2Fwp%2Fv2%2Fmedia&parent=2600"}],"curies":[{"name":"wp","href":"https:\/\/api.w.org\/{rel}","templated":true}]}}